{"id":335368,"date":"2026-04-17T12:25:00","date_gmt":"2026-04-17T19:25:00","guid":{"rendered":"https:\/\/lookoutnewspaper.com\/?page_id=335368"},"modified":"2026-04-23T12:12:39","modified_gmt":"2026-04-23T19:12:39","slug":"le-salon-industriel-ship-to-shore","status":"publish","type":"page","link":"https:\/\/lookoutnewspaper.com\/fr\/le-salon-industriel-ship-to-shore\/","title":{"rendered":"Le Salon Industriel Ship to Shore"},"content":{"rendered":"<p><img decoding=\"async\" class=\"alignnone wp-image-335369\" src=\"https:\/\/lookoutnewspaper.com\/wp-content\/uploads\/2026\/04\/ship-to-shore-header-fr-600x132.png\" alt=\"\" width=\"1164\" height=\"256\" srcset=\"https:\/\/lookoutnewspaper.com\/wp-content\/uploads\/2026\/04\/ship-to-shore-header-fr-600x132.png 600w, https:\/\/lookoutnewspaper.com\/wp-content\/uploads\/2026\/04\/ship-to-shore-header-fr-1024x226.png 1024w, https:\/\/lookoutnewspaper.com\/wp-content\/uploads\/2026\/04\/ship-to-shore-header-fr-768x170.png 768w, https:\/\/lookoutnewspaper.com\/wp-content\/uploads\/2026\/04\/ship-to-shore-header-fr-1080x238.png 1080w\" sizes=\"(max-width: 1164px) 100vw, 1164px\" \/><\/p>\n<p>Organis\u00e9 par le journal Lookout, le salon professionnel annuel \u00ab Ship to Shore \u00bb pr\u00e9sente les technologies, les produits, les contacts et les services de pointe propos\u00e9s par les fournisseurs et partenaires du secteur. Parmi les temps forts des \u00e9ditions pr\u00e9c\u00e9dentes, citons la pr\u00e9sence de plus de 50 exposants proposant des d\u00e9monstrations de forage sous-marin, des \u00e9chantillons de rouille et de corrosion pr\u00eats \u00e0 l&#8217;emploi, des pr\u00e9sentations de kits d&rsquo;outils sur mesure, les derni\u00e8res innovations en mati\u00e8re de masques de s\u00e9curit\u00e9, et bien plus encore ! \u200b<\/p>\n<p>Cette ann\u00e9e, la salle de sport sup\u00e9rieure accueillera un \u00ab Industry Connect Hub \u00bb, un espace con\u00e7u pour mettre en relation les comp\u00e9tences du secteur industriel et celles du secteur militaire.\u200b<\/p>\n<h3>Date : 6 octobre 2026<br \/>\nLieu : Centre sportif Naden<br \/>\nHoraires : 10 h \u2013 14 h<\/h3>\n<p>Cet \u00e9v\u00e9nement est gratuit pour les membres de la communaut\u00e9 de la D\u00e9fense. Rejoignez-nous et d\u00e9couvrez ce qui se passe lorsque les bonnes personnes se rencontrent au bon moment pour ouvrir de nouvelles perspectives de d\u00e9veloppement professionnel.<\/p>\n<hr \/>\n<p><em><strong><br \/>\nVous souhaitez pr\u00e9senter votre entreprise en tant qu\u2019exposant ? Les inscriptions sont ouvertes !<\/strong><\/em><br \/>\nDes emplacements de stand sont disponibles \u00e0 la vente \u2014 ne manquez pas cette occasion de rencontrer les d\u00e9cideurs militaires et les utilisateurs finaux d&rsquo;\u00e9quipements maritimes, industriels et de d\u00e9fense. Les tarifs des stands sont indiqu\u00e9s ci-dessous. Veuillez contacter <a href=\"mailto:lindsay.groves@forces.gc.ca\" target=\"_blank\" rel=\"noopener\">lindsay.groves@forces.gc.ca<\/a> pour r\u00e9server votre stand !<\/p>\n<p><img decoding=\"async\" class=\"alignnone wp-image-335376\" src=\"https:\/\/lookoutnewspaper.com\/wp-content\/uploads\/2026\/04\/le-salon-industriel-ship-to-shore.png\" alt=\"\" width=\"283\" height=\"281\" srcset=\"https:\/\/lookoutnewspaper.com\/wp-content\/uploads\/2026\/04\/le-salon-industriel-ship-to-shore.png 347w, https:\/\/lookoutnewspaper.com\/wp-content\/uploads\/2026\/04\/le-salon-industriel-ship-to-shore-150x150.png 150w\" sizes=\"(max-width: 283px) 100vw, 283px\" \/><\/p>\n<p>Pour plus d&rsquo;informations sur les possibilit\u00e9s de publicit\u00e9 dans le Lookout, rendez-vous sur <a href=\"https:\/\/lookoutnewspaper.com\/fr\/publicite\/\" target=\"_blank\" rel=\"noopener\">lookoutnewspaper.com\/fr\/publicite.<\/a><\/p>\n\n\t\t<style type=\"text\/css\">\n\t\t\t#gallery-1 {\n\t\t\t\tmargin: auto;\n\t\t\t}\n\t\t\t#gallery-1 .gallery-item {\n\t\t\t\tfloat: left;\n\t\t\t\tmargin-top: 10px;\n\t\t\t\ttext-align: center;\n\t\t\t\twidth: 50%;\n\t\t\t}\n\t\t\t#gallery-1 img {\n\t\t\t\tborder: 2px solid #cfcfcf;\n\t\t\t}\n\t\t\t#gallery-1 .gallery-caption {\n\t\t\t\tmargin-left: 0;\n\t\t\t}\n\t\t\t\/* see gallery_shortcode() in wp-includes\/media.php *\/\n\t\t<\/style>\n\t\t<div id='gallery-1' class='gallery galleryid-335368 gallery-columns-2 gallery-size-medium'><dl class='gallery-item'>\n\t\t\t<dt class='gallery-icon landscape'>\n\t\t\t\t<img decoding=\"async\" width=\"600\" height=\"400\" src=\"https:\/\/lookoutnewspaper.com\/wp-content\/uploads\/2026\/04\/IMG_1443-1-600x400.jpg\" class=\"attachment-medium size-medium\" alt=\"\" srcset=\"https:\/\/lookoutnewspaper.com\/wp-content\/uploads\/2026\/04\/IMG_1443-1-600x400.jpg 600w, https:\/\/lookoutnewspaper.com\/wp-content\/uploads\/2026\/04\/IMG_1443-1-1024x683.jpg 1024w, https:\/\/lookoutnewspaper.com\/wp-content\/uploads\/2026\/04\/IMG_1443-1-768x512.jpg 768w, https:\/\/lookoutnewspaper.com\/wp-content\/uploads\/2026\/04\/IMG_1443-1-1080x720.jpg 1080w\" sizes=\"(max-width: 600px) 100vw, 600px\" title=\"\" \/>\n\t\t\t<\/dt><\/dl><dl class='gallery-item'>\n\t\t\t<dt class='gallery-icon landscape'>\n\t\t\t\t<img decoding=\"async\" width=\"600\" height=\"400\" src=\"https:\/\/lookoutnewspaper.com\/wp-content\/uploads\/2026\/04\/IMG_1450-1-600x400.jpg\" class=\"attachment-medium size-medium\" alt=\"\" srcset=\"https:\/\/lookoutnewspaper.com\/wp-content\/uploads\/2026\/04\/IMG_1450-1-600x400.jpg 600w, https:\/\/lookoutnewspaper.com\/wp-content\/uploads\/2026\/04\/IMG_1450-1-1024x683.jpg 1024w, https:\/\/lookoutnewspaper.com\/wp-content\/uploads\/2026\/04\/IMG_1450-1-768x512.jpg 768w, https:\/\/lookoutnewspaper.com\/wp-content\/uploads\/2026\/04\/IMG_1450-1-1080x720.jpg 1080w\" sizes=\"(max-width: 600px) 100vw, 600px\" title=\"\" \/>\n\t\t\t<\/dt><\/dl><br style=\"clear: both\" \/>\n\t\t<\/div>\n\n<p>&nbsp;<\/p>\n<p>Nous remercions nos partenaires locaux de cette ann\u00e9e pour leur g\u00e9n\u00e9reux soutien :<\/p>\n<p><img decoding=\"async\" class=\"alignnone wp-image-335584\" src=\"https:\/\/lookoutnewspaper.com\/wp-content\/uploads\/2026\/04\/Dominos-600x600.png\" alt=\"\" width=\"81\" height=\"81\" srcset=\"https:\/\/lookoutnewspaper.com\/wp-content\/uploads\/2026\/04\/Dominos-600x600.png 600w, https:\/\/lookoutnewspaper.com\/wp-content\/uploads\/2026\/04\/Dominos-300x300.png 300w, https:\/\/lookoutnewspaper.com\/wp-content\/uploads\/2026\/04\/Dominos-768x768.png 768w, https:\/\/lookoutnewspaper.com\/wp-content\/uploads\/2026\/04\/Dominos-440x440.png 440w, https:\/\/lookoutnewspaper.com\/wp-content\/uploads\/2026\/04\/Dominos-150x150.png 150w, https:\/\/lookoutnewspaper.com\/wp-content\/uploads\/2026\/04\/Dominos.png 937w\" sizes=\"(max-width: 81px) 100vw, 81px\" \/> <img decoding=\"async\" class=\"alignnone wp-image-335585\" src=\"https:\/\/lookoutnewspaper.com\/wp-content\/uploads\/2026\/04\/SeriousCoffee2.png\" alt=\"\" width=\"140\" height=\"102\" \/><\/p>\n<p><strong>Informations connexes :<br \/>\n<\/strong><a href=\"https:\/\/lookoutnewspaper.com\/fr\/ship-to-shore-industrial-tradeshow-returns\/\" target=\"_blank\" rel=\"noopener\">le salon industriel \u00ab Ship to Shore \u00bb fait son retour en octobre 2025<\/a><\/p>\n<p>&nbsp;<\/p>\n","protected":false},"excerpt":{"rendered":"<p>Organis\u00e9 par le journal Lookout, le salon professionnel annuel \u00ab Ship to Shore \u00bb pr\u00e9sente les technologies, les produits, les contacts et les services de pointe propos\u00e9s par les fournisseurs<\/p>\n","protected":false},"author":34,"featured_media":335660,"parent":0,"menu_order":0,"comment_status":"closed","ping_status":"closed","template":"","meta":{"_acf_changed":false,"_et_pb_use_builder":"","_et_pb_old_content":"","_et_gb_content_width":"","inline_featured_image":false,"_rtcl_gb_attr":"","footnotes":""},"class_list":["post-335368","page","type-page","status-publish","has-post-thumbnail","hentry"],"acf":[],"yoast_head":"<!-- This site is optimized with the Yoast SEO plugin v27.5 - https:\/\/yoast.com\/product\/yoast-seo-wordpress\/ -->\n<title>Le Salon Industriel Ship to Shore - Actualit\u00e9s du Marine Pacifique<\/title>\n<meta name=\"description\" content=\"Organis\u00e9 par le journal Lookout, le salon industriel \u00ab Ship to Shore \u00bb de la BFC Esquimalt mettra en avant les technologies, les produits, les contacts et les services de pointe propos\u00e9s par les fournisseurs et partenaires du secteur.\" \/>\n<meta name=\"robots\" content=\"index, follow, max-snippet:-1, max-image-preview:large, max-video-preview:-1\" \/>\n<link rel=\"canonical\" href=\"https:\/\/lookoutnewspaper.com\/fr\/le-salon-industriel-ship-to-shore\/\" \/>\n<meta property=\"og:locale\" content=\"fr_FR\" \/>\n<meta property=\"og:type\" content=\"article\" \/>\n<meta property=\"og:title\" content=\"Le Salon Industriel Ship to Shore - Actualit\u00e9s du Marine Pacifique\" \/>\n<meta property=\"og:description\" content=\"Organis\u00e9 par le journal Lookout, le salon industriel \u00ab Ship to Shore \u00bb de la BFC Esquimalt mettra en avant les technologies, les produits, les contacts et les services de pointe propos\u00e9s par les fournisseurs et partenaires du secteur.\" \/>\n<meta property=\"og:url\" content=\"https:\/\/lookoutnewspaper.com\/fr\/le-salon-industriel-ship-to-shore\/\" \/>\n<meta property=\"og:site_name\" content=\"Actualit\u00e9s du Marine Pacifique\" \/>\n<meta property=\"article:modified_time\" content=\"2026-04-23T19:12:39+00:00\" \/>\n<meta property=\"og:image\" content=\"https:\/\/lookoutnewspaper.com\/wp-content\/uploads\/2026\/04\/Ship_To_Shore_2026-2.png\" \/>\n\t<meta property=\"og:image:width\" content=\"350\" \/>\n\t<meta property=\"og:image:height\" content=\"350\" \/>\n\t<meta property=\"og:image:type\" content=\"image\/png\" \/>\n<meta name=\"twitter:card\" content=\"summary_large_image\" \/>\n<meta name=\"twitter:label1\" content=\"Dur\u00e9e de lecture estim\u00e9e\" \/>\n\t<meta name=\"twitter:data1\" content=\"3 minutes\" \/>\n<script type=\"application\/ld+json\" class=\"yoast-schema-graph\">{\"@context\":\"https:\\\/\\\/schema.org\",\"@graph\":[{\"@type\":\"WebPage\",\"@id\":\"https:\\\/\\\/lookoutnewspaper.com\\\/fr\\\/le-salon-industriel-ship-to-shore\\\/\",\"url\":\"https:\\\/\\\/lookoutnewspaper.com\\\/fr\\\/le-salon-industriel-ship-to-shore\\\/\",\"name\":\"Le Salon Industriel Ship to Shore - Actualit\u00e9s du Marine Pacifique\",\"isPartOf\":{\"@id\":\"https:\\\/\\\/lookoutnewspaper.com\\\/#website\"},\"primaryImageOfPage\":{\"@id\":\"https:\\\/\\\/lookoutnewspaper.com\\\/fr\\\/le-salon-industriel-ship-to-shore\\\/#primaryimage\"},\"image\":{\"@id\":\"https:\\\/\\\/lookoutnewspaper.com\\\/fr\\\/le-salon-industriel-ship-to-shore\\\/#primaryimage\"},\"thumbnailUrl\":\"https:\\\/\\\/lookoutnewspaper.com\\\/wp-content\\\/uploads\\\/2026\\\/04\\\/Ship_To_Shore_2026-2.png\",\"datePublished\":\"2026-04-17T19:25:00+00:00\",\"dateModified\":\"2026-04-23T19:12:39+00:00\",\"description\":\"Organis\u00e9 par le journal Lookout, le salon industriel \u00ab Ship to Shore \u00bb de la BFC Esquimalt mettra en avant les technologies, les produits, les contacts et les services de pointe propos\u00e9s par les fournisseurs et partenaires du secteur.\",\"breadcrumb\":{\"@id\":\"https:\\\/\\\/lookoutnewspaper.com\\\/fr\\\/le-salon-industriel-ship-to-shore\\\/#breadcrumb\"},\"inLanguage\":\"fr-FR\",\"potentialAction\":[{\"@type\":\"ReadAction\",\"target\":[\"https:\\\/\\\/lookoutnewspaper.com\\\/fr\\\/le-salon-industriel-ship-to-shore\\\/\"]}]},{\"@type\":\"ImageObject\",\"inLanguage\":\"fr-FR\",\"@id\":\"https:\\\/\\\/lookoutnewspaper.com\\\/fr\\\/le-salon-industriel-ship-to-shore\\\/#primaryimage\",\"url\":\"https:\\\/\\\/lookoutnewspaper.com\\\/wp-content\\\/uploads\\\/2026\\\/04\\\/Ship_To_Shore_2026-2.png\",\"contentUrl\":\"https:\\\/\\\/lookoutnewspaper.com\\\/wp-content\\\/uploads\\\/2026\\\/04\\\/Ship_To_Shore_2026-2.png\",\"width\":350,\"height\":350},{\"@type\":\"BreadcrumbList\",\"@id\":\"https:\\\/\\\/lookoutnewspaper.com\\\/fr\\\/le-salon-industriel-ship-to-shore\\\/#breadcrumb\",\"itemListElement\":[{\"@type\":\"ListItem\",\"position\":1,\"name\":\"Home\",\"item\":\"https:\\\/\\\/lookoutnewspaper.com\\\/fr\\\/\"},{\"@type\":\"ListItem\",\"position\":2,\"name\":\"Le Salon Industriel Ship to Shore\"}]},{\"@type\":\"WebSite\",\"@id\":\"https:\\\/\\\/lookoutnewspaper.com\\\/#website\",\"url\":\"https:\\\/\\\/lookoutnewspaper.com\\\/\",\"name\":\"Actualit\u00e9s du Marine Pacifique\",\"description\":\"BFC Esquimalt\",\"potentialAction\":[{\"@type\":\"SearchAction\",\"target\":{\"@type\":\"EntryPoint\",\"urlTemplate\":\"https:\\\/\\\/lookoutnewspaper.com\\\/?s={search_term_string}\"},\"query-input\":{\"@type\":\"PropertyValueSpecification\",\"valueRequired\":true,\"valueName\":\"search_term_string\"}}],\"inLanguage\":\"fr-FR\"}]}<\/script>\n<!-- \/ Yoast SEO plugin. -->","yoast_head_json":{"title":"Le Salon Industriel Ship to Shore - Actualit\u00e9s du Marine Pacifique","description":"Organis\u00e9 par le journal Lookout, le salon industriel \u00ab Ship to Shore \u00bb de la BFC Esquimalt mettra en avant les technologies, les produits, les contacts et les services de pointe propos\u00e9s par les fournisseurs et partenaires du secteur.","robots":{"index":"index","follow":"follow","max-snippet":"max-snippet:-1","max-image-preview":"max-image-preview:large","max-video-preview":"max-video-preview:-1"},"canonical":"https:\/\/lookoutnewspaper.com\/fr\/le-salon-industriel-ship-to-shore\/","og_locale":"fr_FR","og_type":"article","og_title":"Le Salon Industriel Ship to Shore - Actualit\u00e9s du Marine Pacifique","og_description":"Organis\u00e9 par le journal Lookout, le salon industriel \u00ab Ship to Shore \u00bb de la BFC Esquimalt mettra en avant les technologies, les produits, les contacts et les services de pointe propos\u00e9s par les fournisseurs et partenaires du secteur.","og_url":"https:\/\/lookoutnewspaper.com\/fr\/le-salon-industriel-ship-to-shore\/","og_site_name":"Actualit\u00e9s du Marine Pacifique","article_modified_time":"2026-04-23T19:12:39+00:00","og_image":[{"width":350,"height":350,"url":"https:\/\/lookoutnewspaper.com\/wp-content\/uploads\/2026\/04\/Ship_To_Shore_2026-2.png","type":"image\/png"}],"twitter_card":"summary_large_image","twitter_misc":{"Dur\u00e9e de lecture estim\u00e9e":"3 minutes"},"schema":{"@context":"https:\/\/schema.org","@graph":[{"@type":"WebPage","@id":"https:\/\/lookoutnewspaper.com\/fr\/le-salon-industriel-ship-to-shore\/","url":"https:\/\/lookoutnewspaper.com\/fr\/le-salon-industriel-ship-to-shore\/","name":"Le Salon Industriel Ship to Shore - Actualit\u00e9s du Marine Pacifique","isPartOf":{"@id":"https:\/\/lookoutnewspaper.com\/#website"},"primaryImageOfPage":{"@id":"https:\/\/lookoutnewspaper.com\/fr\/le-salon-industriel-ship-to-shore\/#primaryimage"},"image":{"@id":"https:\/\/lookoutnewspaper.com\/fr\/le-salon-industriel-ship-to-shore\/#primaryimage"},"thumbnailUrl":"https:\/\/lookoutnewspaper.com\/wp-content\/uploads\/2026\/04\/Ship_To_Shore_2026-2.png","datePublished":"2026-04-17T19:25:00+00:00","dateModified":"2026-04-23T19:12:39+00:00","description":"Organis\u00e9 par le journal Lookout, le salon industriel \u00ab Ship to Shore \u00bb de la BFC Esquimalt mettra en avant les technologies, les produits, les contacts et les services de pointe propos\u00e9s par les fournisseurs et partenaires du secteur.","breadcrumb":{"@id":"https:\/\/lookoutnewspaper.com\/fr\/le-salon-industriel-ship-to-shore\/#breadcrumb"},"inLanguage":"fr-FR","potentialAction":[{"@type":"ReadAction","target":["https:\/\/lookoutnewspaper.com\/fr\/le-salon-industriel-ship-to-shore\/"]}]},{"@type":"ImageObject","inLanguage":"fr-FR","@id":"https:\/\/lookoutnewspaper.com\/fr\/le-salon-industriel-ship-to-shore\/#primaryimage","url":"https:\/\/lookoutnewspaper.com\/wp-content\/uploads\/2026\/04\/Ship_To_Shore_2026-2.png","contentUrl":"https:\/\/lookoutnewspaper.com\/wp-content\/uploads\/2026\/04\/Ship_To_Shore_2026-2.png","width":350,"height":350},{"@type":"BreadcrumbList","@id":"https:\/\/lookoutnewspaper.com\/fr\/le-salon-industriel-ship-to-shore\/#breadcrumb","itemListElement":[{"@type":"ListItem","position":1,"name":"Home","item":"https:\/\/lookoutnewspaper.com\/fr\/"},{"@type":"ListItem","position":2,"name":"Le Salon Industriel Ship to Shore"}]},{"@type":"WebSite","@id":"https:\/\/lookoutnewspaper.com\/#website","url":"https:\/\/lookoutnewspaper.com\/","name":"Actualit\u00e9s du Marine Pacifique","description":"BFC Esquimalt","potentialAction":[{"@type":"SearchAction","target":{"@type":"EntryPoint","urlTemplate":"https:\/\/lookoutnewspaper.com\/?s={search_term_string}"},"query-input":{"@type":"PropertyValueSpecification","valueRequired":true,"valueName":"search_term_string"}}],"inLanguage":"fr-FR"}]}},"_links":{"self":[{"href":"https:\/\/lookoutnewspaper.com\/fr\/wp-json\/wp\/v2\/pages\/335368","targetHints":{"allow":["GET"]}}],"collection":[{"href":"https:\/\/lookoutnewspaper.com\/fr\/wp-json\/wp\/v2\/pages"}],"about":[{"href":"https:\/\/lookoutnewspaper.com\/fr\/wp-json\/wp\/v2\/types\/page"}],"author":[{"embeddable":true,"href":"https:\/\/lookoutnewspaper.com\/fr\/wp-json\/wp\/v2\/users\/34"}],"replies":[{"embeddable":true,"href":"https:\/\/lookoutnewspaper.com\/fr\/wp-json\/wp\/v2\/comments?post=335368"}],"version-history":[{"count":10,"href":"https:\/\/lookoutnewspaper.com\/fr\/wp-json\/wp\/v2\/pages\/335368\/revisions"}],"predecessor-version":[{"id":335661,"href":"https:\/\/lookoutnewspaper.com\/fr\/wp-json\/wp\/v2\/pages\/335368\/revisions\/335661"}],"wp:featuredmedia":[{"embeddable":true,"href":"https:\/\/lookoutnewspaper.com\/fr\/wp-json\/wp\/v2\/media\/335660"}],"wp:attachment":[{"href":"https:\/\/lookoutnewspaper.com\/fr\/wp-json\/wp\/v2\/media?parent=335368"}],"curies":[{"name":"wp","href":"https:\/\/api.w.org\/{rel}","templated":true}]}}